{"id":2,"date":"2017-12-09T21:47:20","date_gmt":"2017-12-09T21:47:20","guid":{"rendered":"https:\/\/blogi.ennola.fi\/?page_id=2"},"modified":"2024-12-17T00:41:59","modified_gmt":"2024-12-16T22:41:59","slug":"about-2","status":"publish","type":"page","link":"https:\/\/blogi.ennola.fi\/?page_id=2","title":{"rendered":"Kirjoittajasta"},"content":{"rendered":"<div id=\"attachment_2891\" style=\"width: 310px\" class=\"wp-caption alignnone\"><img loading=\"lazy\" decoding=\"async\" aria-describedby=\"caption-attachment-2891\" class=\"wp-image-2891 size-full\" src=\"https:\/\/blogi.ennola.fi\/wp-content\/uploads\/2017\/12\/Kari.jpg\" alt=\"\" width=\"300\" height=\"300\" srcset=\"https:\/\/blogi.ennola.fi\/wp-content\/uploads\/2017\/12\/Kari.jpg 300w, https:\/\/blogi.ennola.fi\/wp-content\/uploads\/2017\/12\/Kari-150x150.jpg 150w, https:\/\/blogi.ennola.fi\/wp-content\/uploads\/2017\/12\/Kari-88x88.jpg 88w\" sizes=\"(max-width: 300px) 100vw, 300px\" \/><p id=\"caption-attachment-2891\" class=\"wp-caption-text\">Kuva: Susanna Oksanen<\/p><\/div>\n<p>Aloitin retkeilyn partiossa alle kymmenvuotisena. Sittemmin luonnossa liikkumisesta on tullut el\u00e4m\u00e4ntapa ja osin my\u00f6s ty\u00f6. Maasto\u00f6it\u00e4 minulle on kertynyt sellaiset pari tuhatta. K\u00e4vin 2010-luvun alussa seikkailukasvatuskoulutuksen, mik\u00e4 saattoi yhteen monia rakastamiani asioita ja innosti aktivoitumaan monissa vanhoissa harrastuksissa.<\/p>\n<p>Luontovalokuvaus on pitk\u00e4aikaisin harrastukseni, jonka aloitin jo lapsena. Kuvaamisen aiheet ja tekniikka ovat vuosien varrella vaihdelleet, mutta lopullisten kuvien viimeistely pimi\u00f6ss\u00e4 tai tietokoneella on aina n\u00e4ytellyt t\u00e4rke\u00e4\u00e4 osaa kuvaamisessani. T\u00e4rkeit\u00e4 aiheita ovat olleet Varsinais-Suomen viimeiset suhteellisen luonnontilaiset alueet: suot ja saaristoluonto. Vuosituhannen vaihteessa kiertelin laajalti Suomea ja v\u00e4h\u00e4n ulkomaitakin I. K. Inhan jalustan sijoilla. Palkkikameran vaihtuessa digikameraan kuvaamisen keski\u00f6\u00f6n nousivat panoraamamaisemat.<\/p>\n<p>Hyv\u00e4ns\u00e4\u00e4n melontaa olen harrastanut jo pitk\u00e4\u00e4n. 2010-luvulla innostuin aiheesta enemm\u00e4n ja kouluttauduin avovesimelontaoppaaksi. Sen my\u00f6t\u00e4 melontakaudeksi on vakiintunut koko avovesikausi ja olen my\u00f6s l\u00e4htenyt harrastusmieless\u00e4 mukaan my\u00f6s koskimelontaan ja avokanoottimelontaan.<\/p>\n<p>Vaativilla arktisilla vaelluksilla tavoitteenani on ollut itsens\u00e4 haastaminen. Toisaalta harjoittelulla ja hyv\u00e4ll\u00e4 valmistautumisella olen pyrkinyt tekem\u00e4\u00e4n noista haasteista mahdollisimman mukavia. T\u00e4lt\u00e4 pohjalta olen pyrkinyt laajentamaan mukavuusaluettani yh\u00e4 pohjoisempiin, kylmempiin ja pidempiin retkiin.<\/p>\n<p>Ty\u00f6ni on tarjonnut hyv\u00e4n mahdollisuuden erilaisten retkeilyk\u00e4yt\u00e4nt\u00f6jen ja v\u00e4lineiden testaamiseen itselleni helpoilla vaelluksilla. Kevytvaeltamiseen eli tuttavallisemmin grammanviilaukseen ajauduin, kun halusin koittaa, kuinka pienell\u00e4 loppujen lopuksi vaeltaessa tulee toimeen. Vaikka kevytvaeltaminen ulkopuolisesta saattaa tuntua askeettiselta, niin repun keveyden tuoma mukavuus on aina tuntunut paljon suuremmalta kuin sen leiriel\u00e4m\u00e4\u00e4n tuoma mahdollinen askeettisuus.<\/p>\n<p>Nelikymppisen\u00e4 ihmisen kuluu viimeist\u00e4\u00e4n aloittaa hillit\u00f6n kuntoilu. Itse laihdutin 20 kiloa ja aloitin suunnistuksen. Suunnistus on tavattoman hyv\u00e4 laji aloittaa liikunta, sill\u00e4 se on mielek\u00e4st\u00e4, vaikka ei viel\u00e4 jaksa juostakaan kuin ihan lyhyit\u00e4 p\u00e4tki\u00e4. Juoksun m\u00e4\u00e4r\u00e4\u00e4 on helppo lis\u00e4t\u00e4 vaiheittain ja juoksu maasto-olosuhteissa ei altista niin helposti rasitusvammoille, kuin kovemmilla alustoilla. Suunnistus toimi porttina my\u00f6s muulle juoksuharrastukselle.<\/p>\n<p>Tutustuin kiipeilyyn seikkailukasvatuksen yhteydess\u00e4. Olin aina ajatellut, ett\u00e4 korkeanpaikan kammo est\u00e4isi kiipeilyn, mutta opin el\u00e4m\u00e4\u00e4n sen kanssa ja nyt se ei juurikaan haittaa toimintaa. Olikohan se koskaan todellinen kammo ollutkaan? Kiipeilyharrastus on mahdollistanut p\u00e4\u00e4syn paikkoihin, joista aiemmin olen vain haaveillut. Toki kiipeily greidini on viel\u00e4 kovin vaatimaton ja tuskin kovin korkeaksi en\u00e4\u00e4 nouseekaan, mutta hauskaa liikuntaa se on.<\/p>\n<p>Jonkin verran vett\u00e4 on Aurajoessa virrannut siit\u00e4, kun aloin blogia pit\u00e4\u00e4. Alkuper\u00e4isen\u00e4 ajatuksenani oli kirjoittaa ajatuksiani retkeilyst\u00e4, retkiv\u00e4lineist\u00e4 ja valokuvauksesta sek\u00e4 luontoliikunnasta. Ajatuksenani oli laajentaa n\u00e4k\u00f6kulmaa monipuolisempaan retkeilyyn kuin silloin oli tapana.<\/p>\n<p>&#8211; Kari<\/p>\n<div id=\"attachment_3059\" style=\"width: 460px\" class=\"wp-caption aligncenter\"><a href=\"https:\/\/blogi.ennola.fi\/wp-content\/uploads\/2018\/02\/melonta.jpg\" rel=\"lightbox[2]\"><img loading=\"lazy\" decoding=\"async\" aria-describedby=\"caption-attachment-3059\" class=\"wp-image-3059 size-full\" title=\"Jurmossa helmikuussa merisirrien kanssa. Kuva: Esko Sorakunnas\" src=\"https:\/\/blogi.ennola.fi\/wp-content\/uploads\/2018\/02\/melontap.jpg\" alt=\"\" width=\"450\" height=\"338\" srcset=\"https:\/\/blogi.ennola.fi\/wp-content\/uploads\/2018\/02\/melontap.jpg 450w, https:\/\/blogi.ennola.fi\/wp-content\/uploads\/2018\/02\/melontap-150x113.jpg 150w\" sizes=\"(max-width: 450px) 100vw, 450px\" \/><\/a><p id=\"caption-attachment-3059\" class=\"wp-caption-text\">Jurmossa helmikuussa merisirrien kanssa. Kuva: Esko Sorakunnas<\/p><\/div>\n<p>&nbsp;<\/p>\n","protected":false},"excerpt":{"rendered":"<p>Aloitin retkeilyn partiossa alle kymmenvuotisena. Sittemmin luonnossa liikkumisesta on tullut el\u00e4m\u00e4ntapa ja osin my\u00f6s ty\u00f6. Maasto\u00f6it\u00e4 minulle on kertynyt sellaiset pari tuhatta. K\u00e4vin 2010-luvun alussa seikkailukasvatuskoulutuksen, mik\u00e4 saattoi&#8230;<\/p>\n","protected":false},"author":1,"featured_media":0,"parent":0,"menu_order":0,"comment_status":"open","ping_status":"open","template":"","meta":{"footnotes":""},"_links":{"self":[{"href":"https:\/\/blogi.ennola.fi\/index.php?rest_route=\/wp\/v2\/pages\/2"}],"collection":[{"href":"https:\/\/blogi.ennola.fi\/index.php?rest_route=\/wp\/v2\/pages"}],"about":[{"href":"https:\/\/blogi.ennola.fi\/index.php?rest_route=\/wp\/v2\/types\/page"}],"author":[{"embeddable":true,"href":"https:\/\/blogi.ennola.fi\/index.php?rest_route=\/wp\/v2\/users\/1"}],"replies":[{"embeddable":true,"href":"https:\/\/blogi.ennola.fi\/index.php?rest_route=%2Fwp%2Fv2%2Fcomments&post=2"}],"version-history":[{"count":8,"href":"https:\/\/blogi.ennola.fi\/index.php?rest_route=\/wp\/v2\/pages\/2\/revisions"}],"predecessor-version":[{"id":3072,"href":"https:\/\/blogi.ennola.fi\/index.php?rest_route=\/wp\/v2\/pages\/2\/revisions\/3072"}],"wp:attachment":[{"href":"https:\/\/blogi.ennola.fi\/index.php?rest_route=%2Fwp%2Fv2%2Fmedia&parent=2"}],"curies":[{"name":"wp","href":"https:\/\/api.w.org\/{rel}","templated":true}]}}